{"id":959,"date":"2015-10-19T11:31:43","date_gmt":"2015-10-19T09:31:43","guid":{"rendered":"https:\/\/finnunkari.com\/?page_id=959"},"modified":"2016-02-15T11:41:48","modified_gmt":"2016-02-15T09:41:48","slug":"500-finn-alapszo","status":"publish","type":"page","link":"https:\/\/finnunkari.com\/fi\/500-finn-alapszo\/","title":{"rendered":"500 unkarin kielen perussanaa"},"content":{"rendered":"<p><strong>500 unkarin kielen perussanaa<\/strong><\/p>\n<h4><\/br><\/h4>\n<p>Unkarin sanastoa ensin perussanoilla haltuun.<br \/>\nSanakortit ovat tehokkaita keinoja sanojen oppimiseen.<br \/>\nL\u00f6yd\u00e4t t\u00e4st\u00e4 sanakorttipaketista 500 keskeist\u00e4 unkarin kielen perussanaa (10 sanakorttia).<\/p>\n<h4><\/br><\/h4>\n<p>Hinta: 11 Euroa+ postikulut<\/p>\n<h4><\/br><\/h4>\n<p style=\"text-align: right;\"><a href=\"https:\/\/finnunkari.com\/finn-magyar-szokartyak\/\"><b>Takaisin<\/b><\/a><\/p>\n<p><\/p>","protected":false},"excerpt":{"rendered":"<p>500 unkarin kielen perussanaa Unkarin sanastoa ensin perussanoilla haltuun. Sanakortit ovat tehokkaita keinoja sanojen oppimiseen. L\u00f6yd\u00e4t t\u00e4st\u00e4 sanakorttipaketista 500 keskeist\u00e4 unkarin kielen perussanaa (10 sanakorttia). &hellip;<\/p>\n","protected":false},"author":2,"featured_media":0,"parent":0,"menu_order":0,"comment_status":"closed","ping_status":"closed","template":"","meta":{"_mi_skip_tracking":false},"_links":{"self":[{"href":"https:\/\/finnunkari.com\/fi\/wp-json\/wp\/v2\/pages\/959"}],"collection":[{"href":"https:\/\/finnunkari.com\/fi\/wp-json\/wp\/v2\/pages"}],"about":[{"href":"https:\/\/finnunkari.com\/fi\/wp-json\/wp\/v2\/types\/page"}],"author":[{"embeddable":true,"href":"https:\/\/finnunkari.com\/fi\/wp-json\/wp\/v2\/users\/2"}],"replies":[{"embeddable":true,"href":"https:\/\/finnunkari.com\/fi\/wp-json\/wp\/v2\/comments?post=959"}],"version-history":[{"count":25,"href":"https:\/\/finnunkari.com\/fi\/wp-json\/wp\/v2\/pages\/959\/revisions"}],"predecessor-version":[{"id":1493,"href":"https:\/\/finnunkari.com\/fi\/wp-json\/wp\/v2\/pages\/959\/revisions\/1493"}],"wp:attachment":[{"href":"https:\/\/finnunkari.com\/fi\/wp-json\/wp\/v2\/media?parent=959"}],"curies":[{"name":"wp","href":"https:\/\/api.w.org\/{rel}","templated":true}]}}