{"id":8,"date":"2015-06-03T00:10:39","date_gmt":"2015-06-02T22:10:39","guid":{"rendered":"https:\/\/finnunkari.com\/?page_id=8"},"modified":"2016-01-14T14:15:23","modified_gmt":"2016-01-14T12:15:23","slug":"elokeszuletben","status":"publish","type":"page","link":"https:\/\/finnunkari.com\/fi\/elokeszuletben\/","title":{"rendered":"Tulossa"},"content":{"rendered":"<p><\/p>\n<h1>Suomi- unkari temaattisen sanakirjan t\u00e4ydennysosa<\/h1>\n<h4><\/br><\/h4>\n<p>Olen p\u00e4\u00e4tt\u00e4nyt jatkaa vuonna 2014 ilmestynytt\u00e4 temaattista sanakirjaani, Finn-magyar tematikus sz\u00f3t\u00e1r, uusilla ajankohtaisilla ja mielenkiintoisilla luvuilla. Jo kirjan toimittamisty\u00f6n ja editoinnin aikana havaitsin, ett\u00e4 ty\u00f6 ei p\u00e4\u00e4ttynytk\u00e4\u00e4n kirjan julkistamiseen, j\u00e4ljell\u00e4 oli viel\u00e4 monia k\u00e4sittelemisen arvoisia aiheita. Lis\u00e4ksi sanakirjaani perehtyneiden positiiviset palautteet saivat minut vakuuttuneeksi ty\u00f6n jatkamisen tarpeellisuudesta.<\/p>\n<p>Tukeakseni edelleenkin suomalais-unkarilaisia suhteita olen paneutunut aiempaa ty\u00f6t\u00e4ni t\u00e4ydent\u00e4v\u00e4n nidoksen tekemiseen.<\/p>\n<p>Toinen osa k\u00e4sittelee mm. seuraavia teemoja:<\/p>\n<ul>\n<li>yst\u00e4vyyskaupunkisuhteet<\/li>\n<li>matkailu<\/li>\n<li>sosiaalinen media<\/li>\n<li>juhlat, jne.<\/li>\n<\/ul>\n<p>Toisen osan rakenne on samanlainen kuin ensimm\u00e4isen. Laajat p\u00e4\u00e4luvut jakautuvat suppeampiin alateemoihin ja sanakirjan k\u00e4ytt\u00e4jien toiveiden mukaisesti toinen osa tulee sis\u00e4lt\u00e4m\u00e4\u00e4n lis\u00e4\u00e4 esimerkkilauseita.<\/p>\n<h2><a href=\"https:\/\/finnunkari.com\/tervezett-tartalom\/\"><\/p>\n<h4><\/br><\/h4>\n<p>Suunniteltu sis\u00e4lt\u00f6<\/a><\/h2>\n<p style=\"text-align: right;\"><a href=\"https:\/\/finnunkari.com\/elokeszuletben\/\"><b>Takaisin sivun yl\u00e4laitaan<\/b><\/a><\/p>\n<p><\/p>","protected":false},"excerpt":{"rendered":"<p>Suomi- unkari temaattisen sanakirjan t\u00e4ydennysosa Olen p\u00e4\u00e4tt\u00e4nyt jatkaa vuonna 2014 ilmestynytt\u00e4 temaattista sanakirjaani, Finn-magyar tematikus sz\u00f3t\u00e1r, uusilla ajankohtaisilla ja mielenkiintoisilla luvuilla. Jo kirjan toimittamisty\u00f6n ja &hellip;<\/p>\n","protected":false},"author":1,"featured_media":0,"parent":0,"menu_order":0,"comment_status":"closed","ping_status":"closed","template":"template-full.php","meta":{"_mi_skip_tracking":false},"_links":{"self":[{"href":"https:\/\/finnunkari.com\/fi\/wp-json\/wp\/v2\/pages\/8"}],"collection":[{"href":"https:\/\/finnunkari.com\/fi\/wp-json\/wp\/v2\/pages"}],"about":[{"href":"https:\/\/finnunkari.com\/fi\/wp-json\/wp\/v2\/types\/page"}],"author":[{"embeddable":true,"href":"https:\/\/finnunkari.com\/fi\/wp-json\/wp\/v2\/users\/1"}],"replies":[{"embeddable":true,"href":"https:\/\/finnunkari.com\/fi\/wp-json\/wp\/v2\/comments?post=8"}],"version-history":[{"count":48,"href":"https:\/\/finnunkari.com\/fi\/wp-json\/wp\/v2\/pages\/8\/revisions"}],"predecessor-version":[{"id":1118,"href":"https:\/\/finnunkari.com\/fi\/wp-json\/wp\/v2\/pages\/8\/revisions\/1118"}],"wp:attachment":[{"href":"https:\/\/finnunkari.com\/fi\/wp-json\/wp\/v2\/media?parent=8"}],"curies":[{"name":"wp","href":"https:\/\/api.w.org\/{rel}","templated":true}]}}