{"id":798,"date":"2015-09-29T11:38:38","date_gmt":"2015-09-29T09:38:38","guid":{"rendered":"https:\/\/finnunkari.com\/?page_id=798"},"modified":"2016-02-12T11:19:24","modified_gmt":"2016-02-12T09:19:24","slug":"szoposzter-munka","status":"publish","type":"page","link":"https:\/\/finnunkari.com\/fi\/szoposzter-munka\/","title":{"rendered":"(Magyar) Bekukkantok-munka"},"content":{"rendered":"<p class=\"qtranxs-available-languages-message qtranxs-available-languages-message-fi\">Anteeksi, mutta t\u00e4m\u00e4 kirjoitus on saatavana ainoastaan n\u00e4ill\u00e4 kielill\u00e4: <a href=\"https:\/\/finnunkari.com\/hu\/wp-json\/wp\/v2\/pages\/798\" class=\"qtranxs-available-language-link qtranxs-available-language-link-hu\" title=\"Magyar\">Unkari<\/a>.<\/p>","protected":false},"excerpt":{"rendered":"<p>Anteeksi, mutta t\u00e4m\u00e4 kirjoitus on saatavana ainoastaan n\u00e4ill\u00e4 kielill\u00e4: Unkari.<\/p>\n","protected":false},"author":2,"featured_media":0,"parent":0,"menu_order":0,"comment_status":"closed","ping_status":"closed","template":"","meta":{"_mi_skip_tracking":false},"_links":{"self":[{"href":"https:\/\/finnunkari.com\/fi\/wp-json\/wp\/v2\/pages\/798"}],"collection":[{"href":"https:\/\/finnunkari.com\/fi\/wp-json\/wp\/v2\/pages"}],"about":[{"href":"https:\/\/finnunkari.com\/fi\/wp-json\/wp\/v2\/types\/page"}],"author":[{"embeddable":true,"href":"https:\/\/finnunkari.com\/fi\/wp-json\/wp\/v2\/users\/2"}],"replies":[{"embeddable":true,"href":"https:\/\/finnunkari.com\/fi\/wp-json\/wp\/v2\/comments?post=798"}],"version-history":[{"count":16,"href":"https:\/\/finnunkari.com\/fi\/wp-json\/wp\/v2\/pages\/798\/revisions"}],"predecessor-version":[{"id":1442,"href":"https:\/\/finnunkari.com\/fi\/wp-json\/wp\/v2\/pages\/798\/revisions\/1442"}],"wp:attachment":[{"href":"https:\/\/finnunkari.com\/fi\/wp-json\/wp\/v2\/media?parent=798"}],"curies":[{"name":"wp","href":"https:\/\/api.w.org\/{rel}","templated":true}]}}