{"id":599,"date":"2015-09-11T13:45:49","date_gmt":"2015-09-11T11:45:49","guid":{"rendered":"https:\/\/finnunkari.com\/?page_id=599"},"modified":"2016-02-15T12:25:32","modified_gmt":"2016-02-15T10:25:32","slug":"finn-melleknevek-szinonimai","status":"publish","type":"page","link":"https:\/\/finnunkari.com\/fi\/finn-melleknevek-szinonimai\/","title":{"rendered":"Unkarin kielen adjektiivien synonyymit"},"content":{"rendered":"<p><strong>Adjektiivien synonyymeja unkarin kieless\u00e4<\/strong><\/p>\n<h4><\/br><\/h4>\n<p>T\u00e4st\u00e4 sanakorttipaketista l\u00f6ytyy k\u00e4tev\u00e4sti t\u00e4rkeimm\u00e4t unkarin kielen adjektiivit synonyymeineen. Helppok\u00e4ytt\u00f6isten sanakorttien avulla voit kehitt\u00e4\u00e4 adjektiivisanavarastoasi ja puhua v\u00e4rikk\u00e4\u00e4sti. <\/p>\n<h4><\/br><\/h4>\n<p>Paketti sis\u00e4lt\u00e4\u00e4 yhteens\u00e4 54 adjektiivia, yhteen adjektiiviin kuuluu noin 5-10 synonyymisanaa.<\/p>\n<p>&nbsp;<\/p>\n<p>Suosittu sek\u00e4 aloittelijoille ett\u00e4 keskitason opiskelijoillekin!<\/p>\n<h4><\/br><\/h4>\n<p>Hinta: 10 Euroa + postikulut<\/p>\n<p style=\"text-align: right;\"><a href=\"https:\/\/finnunkari.com\/finn-magyar-szokartyak\/\"><b>Takaisin<\/b><\/a><\/p>\n<p><\/p>","protected":false},"excerpt":{"rendered":"<p>Adjektiivien synonyymeja unkarin kieless\u00e4 T\u00e4st\u00e4 sanakorttipaketista l\u00f6ytyy k\u00e4tev\u00e4sti t\u00e4rkeimm\u00e4t unkarin kielen adjektiivit synonyymeineen. Helppok\u00e4ytt\u00f6isten sanakorttien avulla voit kehitt\u00e4\u00e4 adjektiivisanavarastoasi ja puhua v\u00e4rikk\u00e4\u00e4sti. Paketti sis\u00e4lt\u00e4\u00e4 yhteens\u00e4 &hellip;<\/p>\n","protected":false},"author":2,"featured_media":0,"parent":0,"menu_order":0,"comment_status":"closed","ping_status":"closed","template":"","meta":{"_mi_skip_tracking":false},"_links":{"self":[{"href":"https:\/\/finnunkari.com\/fi\/wp-json\/wp\/v2\/pages\/599"}],"collection":[{"href":"https:\/\/finnunkari.com\/fi\/wp-json\/wp\/v2\/pages"}],"about":[{"href":"https:\/\/finnunkari.com\/fi\/wp-json\/wp\/v2\/types\/page"}],"author":[{"embeddable":true,"href":"https:\/\/finnunkari.com\/fi\/wp-json\/wp\/v2\/users\/2"}],"replies":[{"embeddable":true,"href":"https:\/\/finnunkari.com\/fi\/wp-json\/wp\/v2\/comments?post=599"}],"version-history":[{"count":19,"href":"https:\/\/finnunkari.com\/fi\/wp-json\/wp\/v2\/pages\/599\/revisions"}],"predecessor-version":[{"id":1510,"href":"https:\/\/finnunkari.com\/fi\/wp-json\/wp\/v2\/pages\/599\/revisions\/1510"}],"wp:attachment":[{"href":"https:\/\/finnunkari.com\/fi\/wp-json\/wp\/v2\/media?parent=599"}],"curies":[{"name":"wp","href":"https:\/\/api.w.org\/{rel}","templated":true}]}}