{"id":544,"date":"2015-09-08T15:53:30","date_gmt":"2015-09-08T13:53:30","guid":{"rendered":"https:\/\/finnunkari.com\/?page_id=544"},"modified":"2016-02-15T11:41:00","modified_gmt":"2016-02-15T09:41:00","slug":"suomi-altalanos-melleknevek","status":"publish","type":"page","link":"https:\/\/finnunkari.com\/fi\/suomi-altalanos-melleknevek\/","title":{"rendered":"Tutustu sanakorttiiin -Yleisi\u00e4 adjektiiveja &#8211; perustaso"},"content":{"rendered":"<p><strong>Yleisi\u00e4 adjektiiveja &#8211; perustaso<\/strong><\/p>\n<h4><\/br><\/h4>\n<p>T\u00e4m\u00e4 sanakorttipaketti sis\u00e4lt\u00e4\u00e4 perusteellisia adjektiiveja, joita useimmiten k\u00e4ytet\u00e4\u00e4n unkarin kieless\u00e4. Adjektiivien oppimista edist\u00e4\u00e4 ei pelk\u00e4st\u00e4\u00e4n perusadjektiivien luettelointi vaan my\u00f6s adjektiivivastakohtien sek\u00e4 v\u00e4rien ja muotojen esitt\u00e4minen.<\/p>\n<h4><\/br><\/h4>\n<p>Se on suosittu aloittelijoille!<\/p>\n<h4><\/br><\/h4>\n<p>Hinta: 10\u00a0\u20ac+ postikulut<\/p>\n<p style=\"text-align: right;\"><a href=\"https:\/\/finnunkari.com\/finn-magyar-szokartyak\/\"><b>Takaisin<\/b><\/a><\/p>\n<p><\/p>","protected":false},"excerpt":{"rendered":"<p>Yleisi\u00e4 adjektiiveja &#8211; perustaso T\u00e4m\u00e4 sanakorttipaketti sis\u00e4lt\u00e4\u00e4 perusteellisia adjektiiveja, joita useimmiten k\u00e4ytet\u00e4\u00e4n unkarin kieless\u00e4. Adjektiivien oppimista edist\u00e4\u00e4 ei pelk\u00e4st\u00e4\u00e4n perusadjektiivien luettelointi vaan my\u00f6s adjektiivivastakohtien sek\u00e4 &hellip;<\/p>\n","protected":false},"author":1,"featured_media":0,"parent":0,"menu_order":0,"comment_status":"closed","ping_status":"closed","template":"","meta":{"_mi_skip_tracking":false},"_links":{"self":[{"href":"https:\/\/finnunkari.com\/fi\/wp-json\/wp\/v2\/pages\/544"}],"collection":[{"href":"https:\/\/finnunkari.com\/fi\/wp-json\/wp\/v2\/pages"}],"about":[{"href":"https:\/\/finnunkari.com\/fi\/wp-json\/wp\/v2\/types\/page"}],"author":[{"embeddable":true,"href":"https:\/\/finnunkari.com\/fi\/wp-json\/wp\/v2\/users\/1"}],"replies":[{"embeddable":true,"href":"https:\/\/finnunkari.com\/fi\/wp-json\/wp\/v2\/comments?post=544"}],"version-history":[{"count":32,"href":"https:\/\/finnunkari.com\/fi\/wp-json\/wp\/v2\/pages\/544\/revisions"}],"predecessor-version":[{"id":1485,"href":"https:\/\/finnunkari.com\/fi\/wp-json\/wp\/v2\/pages\/544\/revisions\/1485"}],"wp:attachment":[{"href":"https:\/\/finnunkari.com\/fi\/wp-json\/wp\/v2\/media?parent=544"}],"curies":[{"name":"wp","href":"https:\/\/api.w.org\/{rel}","templated":true}]}}