{"id":394,"date":"2015-07-03T11:31:27","date_gmt":"2015-07-03T09:31:27","guid":{"rendered":"https:\/\/finnunkari.com\/?page_id=394"},"modified":"2015-07-03T11:39:49","modified_gmt":"2015-07-03T09:39:49","slug":"swf-teszt-oldal","status":"publish","type":"page","link":"https:\/\/finnunkari.com\/fi\/swf-teszt-oldal\/","title":{"rendered":"(Magyar) swf teszt oldal"},"content":{"rendered":"<p class=\"qtranxs-available-languages-message qtranxs-available-languages-message-fi\">Anteeksi, mutta t\u00e4m\u00e4 kirjoitus on saatavana ainoastaan n\u00e4ill\u00e4 kielill\u00e4: <a href=\"https:\/\/finnunkari.com\/hu\/wp-json\/wp\/v2\/pages\/394\" class=\"qtranxs-available-language-link qtranxs-available-language-link-hu\" title=\"Magyar\">Unkari<\/a>.<\/p>","protected":false},"excerpt":{"rendered":"<p>Anteeksi, mutta t\u00e4m\u00e4 kirjoitus on saatavana ainoastaan n\u00e4ill\u00e4 kielill\u00e4: Unkari.<\/p>\n","protected":false},"author":1,"featured_media":0,"parent":0,"menu_order":0,"comment_status":"closed","ping_status":"closed","template":"template-full.php","meta":{"_mi_skip_tracking":false},"_links":{"self":[{"href":"https:\/\/finnunkari.com\/fi\/wp-json\/wp\/v2\/pages\/394"}],"collection":[{"href":"https:\/\/finnunkari.com\/fi\/wp-json\/wp\/v2\/pages"}],"about":[{"href":"https:\/\/finnunkari.com\/fi\/wp-json\/wp\/v2\/types\/page"}],"author":[{"embeddable":true,"href":"https:\/\/finnunkari.com\/fi\/wp-json\/wp\/v2\/users\/1"}],"replies":[{"embeddable":true,"href":"https:\/\/finnunkari.com\/fi\/wp-json\/wp\/v2\/comments?post=394"}],"version-history":[{"count":4,"href":"https:\/\/finnunkari.com\/fi\/wp-json\/wp\/v2\/pages\/394\/revisions"}],"predecessor-version":[{"id":398,"href":"https:\/\/finnunkari.com\/fi\/wp-json\/wp\/v2\/pages\/394\/revisions\/398"}],"wp:attachment":[{"href":"https:\/\/finnunkari.com\/fi\/wp-json\/wp\/v2\/media?parent=394"}],"curies":[{"name":"wp","href":"https:\/\/api.w.org\/{rel}","templated":true}]}}