{"id":319,"date":"2015-07-02T14:29:30","date_gmt":"2015-07-02T12:29:30","guid":{"rendered":"https:\/\/finnunkari.com\/?page_id=319"},"modified":"2016-02-15T11:40:12","modified_gmt":"2016-02-15T09:40:12","slug":"bekukkantok-otthon","status":"publish","type":"page","link":"https:\/\/finnunkari.com\/fi\/bekukkantok-otthon\/","title":{"rendered":"Tutustu sanakorttiin- Koti ja asuminen"},"content":{"rendered":"<p> <strong>Koti ja asuminen<\/strong><\/p>\n<h4><\/br><\/h4>\n<p>Osa jokap\u00e4iv\u00e4ist\u00e4 el\u00e4m\u00e4\u00e4mme sujuu kotona kodissamme. T\u00e4m\u00e4n sanakortin avulla voit oppia asunnon etsimiseen, talon rakentamiseen ja eri huoneisiin liittyvi\u00e4 sanoja.<br \/>\nT\u00e4h\u00e4n aihepiiriin sis\u00e4ltyv\u00e4t seuraavat alateemat (yhteens\u00e4 10 alateemaa): Talotyypit, Asunnon etsiminen, Talon ulkopuoli, Lastenhuoneessa, Olohuoneessa, Keitti\u00f6ss\u00e4, Makuuhuoneessa, Kotitaloust\u00f6it\u00e4, Kylpyhuoneessa, Talon rakentaminen<br \/>\nSuosittu sek\u00e4 aloittelijoille ett\u00e4 keskitasolla oleville kielenk\u00e4ytt\u00e4jille!<\/p>\n<h4><\/br><\/h4>\n<p>Hinta: 11 \u20ac+ postikulut<\/p>\n<p style=\"text-align: right;\"><a href=\"https:\/\/finnunkari.com\/finn-magyar-szokartyak\/\"><b>Takaisin<\/b><\/a><\/p>\n<p><\/p>","protected":false},"excerpt":{"rendered":"<p>Koti ja asuminen Osa jokap\u00e4iv\u00e4ist\u00e4 el\u00e4m\u00e4\u00e4mme sujuu kotona kodissamme. T\u00e4m\u00e4n sanakortin avulla voit oppia asunnon etsimiseen, talon rakentamiseen ja eri huoneisiin liittyvi\u00e4 sanoja. T\u00e4h\u00e4n aihepiiriin &hellip;<\/p>\n","protected":false},"author":1,"featured_media":0,"parent":0,"menu_order":0,"comment_status":"closed","ping_status":"closed","template":"","meta":{"_mi_skip_tracking":false},"_links":{"self":[{"href":"https:\/\/finnunkari.com\/fi\/wp-json\/wp\/v2\/pages\/319"}],"collection":[{"href":"https:\/\/finnunkari.com\/fi\/wp-json\/wp\/v2\/pages"}],"about":[{"href":"https:\/\/finnunkari.com\/fi\/wp-json\/wp\/v2\/types\/page"}],"author":[{"embeddable":true,"href":"https:\/\/finnunkari.com\/fi\/wp-json\/wp\/v2\/users\/1"}],"replies":[{"embeddable":true,"href":"https:\/\/finnunkari.com\/fi\/wp-json\/wp\/v2\/comments?post=319"}],"version-history":[{"count":29,"href":"https:\/\/finnunkari.com\/fi\/wp-json\/wp\/v2\/pages\/319\/revisions"}],"predecessor-version":[{"id":1329,"href":"https:\/\/finnunkari.com\/fi\/wp-json\/wp\/v2\/pages\/319\/revisions\/1329"}],"wp:attachment":[{"href":"https:\/\/finnunkari.com\/fi\/wp-json\/wp\/v2\/media?parent=319"}],"curies":[{"name":"wp","href":"https:\/\/api.w.org\/{rel}","templated":true}]}}