{"id":311,"date":"2015-07-02T13:49:51","date_gmt":"2015-07-02T11:49:51","guid":{"rendered":"https:\/\/finnunkari.com\/?page_id=311"},"modified":"2016-02-15T11:39:33","modified_gmt":"2016-02-15T09:39:33","slug":"utazas","status":"publish","type":"page","link":"https:\/\/finnunkari.com\/fi\/utazas\/","title":{"rendered":"Tutustu sanakorttiin- Matkustaminen"},"content":{"rendered":"<p><strong>Matkustaminen<\/strong><\/p>\n<h4><\/br><\/h4>\n<p>Aihepiiri matkustaminen keskittyy matkustamiseen joukkoliikenteess\u00e4, lomailuun, matkailuun ja kes\u00e4nviettoon.<br \/>\nT\u00e4m\u00e4n sanakorttipaketin kanssa tutustut 10 alateemaan:<br \/>\nLentokent\u00e4ll\u00e4, Matkustaminen lentokoneella, Matkasuunnittelu, Matkustaminen laivalla, Matkustaminen junalla, Matkustaminen bussilla, Kaupunginkierroksella, Majoitus, Matkustaminen taksilla ja liftaaminen, Kes\u00e4lomalla<br \/>\nSuosittu sek\u00e4 aloittelijoille ett\u00e4 keskitasolla oleville kielenk\u00e4ytt\u00e4jille!<\/p>\n<h4>\u00a0<strong><a href=\"https:\/\/finnunkari.com\/wp-content\/uploads\/DSCN2484.jpg\"><img decoding=\"async\" loading=\"lazy\" class=\"alignnone wp-image-1457\" src=\"https:\/\/finnunkari.com\/wp-content\/uploads\/DSCN2484-300x225.jpg\" alt=\"DSCN2484\" width=\"132\" height=\"99\" srcset=\"https:\/\/finnunkari.com\/wp-content\/uploads\/DSCN2484-300x225.jpg 300w, https:\/\/finnunkari.com\/wp-content\/uploads\/DSCN2484-1024x768.jpg 1024w, https:\/\/finnunkari.com\/wp-content\/uploads\/DSCN2484.jpg 1600w\" sizes=\"(max-width: 132px) 100vw, 132px\" \/>\u00a0\u00a0<\/a><a href=\"https:\/\/finnunkari.com\/wp-content\/uploads\/DSCN2486.jpg\"><img decoding=\"async\" loading=\"lazy\" class=\"alignnone wp-image-1458\" src=\"https:\/\/finnunkari.com\/wp-content\/uploads\/DSCN2486-300x225.jpg\" alt=\"DSCN2486\" width=\"138\" height=\"103\" srcset=\"https:\/\/finnunkari.com\/wp-content\/uploads\/DSCN2486-300x225.jpg 300w, https:\/\/finnunkari.com\/wp-content\/uploads\/DSCN2486-1024x768.jpg 1024w, https:\/\/finnunkari.com\/wp-content\/uploads\/DSCN2486.jpg 1600w\" sizes=\"(max-width: 138px) 100vw, 138px\" \/><\/a> <a href=\"https:\/\/finnunkari.com\/wp-content\/uploads\/DSCN2887.jpg\"><img decoding=\"async\" loading=\"lazy\" class=\"alignnone wp-image-981\" src=\"https:\/\/finnunkari.com\/wp-content\/uploads\/DSCN2887-300x225.jpg\" alt=\"DSCN2887\" width=\"136\" height=\"102\" srcset=\"https:\/\/finnunkari.com\/wp-content\/uploads\/DSCN2887-300x225.jpg 300w, https:\/\/finnunkari.com\/wp-content\/uploads\/DSCN2887-1024x768.jpg 1024w\" sizes=\"(max-width: 136px) 100vw, 136px\" \/><\/a><\/strong><\/h4>\n<h4><\/br><\/h4>\n<p>Hinta: 11 \u20ac+postikulut<\/p>\n<p style=\"text-align: right;\"><a href=\"https:\/\/finnunkari.com\/finn-magyar-szokartyak\/\"><b>Takaisin<\/b><\/a><\/p>\n<p><\/p>","protected":false},"excerpt":{"rendered":"<p>Matkustaminen Aihepiiri matkustaminen keskittyy matkustamiseen joukkoliikenteess\u00e4, lomailuun, matkailuun ja kes\u00e4nviettoon. T\u00e4m\u00e4n sanakorttipaketin kanssa tutustut 10 alateemaan: Lentokent\u00e4ll\u00e4, Matkustaminen lentokoneella, Matkasuunnittelu, Matkustaminen laivalla, Matkustaminen junalla, Matkustaminen &hellip;<\/p>\n","protected":false},"author":1,"featured_media":0,"parent":0,"menu_order":0,"comment_status":"closed","ping_status":"closed","template":"template-full.php","meta":{"_mi_skip_tracking":false},"_links":{"self":[{"href":"https:\/\/finnunkari.com\/fi\/wp-json\/wp\/v2\/pages\/311"}],"collection":[{"href":"https:\/\/finnunkari.com\/fi\/wp-json\/wp\/v2\/pages"}],"about":[{"href":"https:\/\/finnunkari.com\/fi\/wp-json\/wp\/v2\/types\/page"}],"author":[{"embeddable":true,"href":"https:\/\/finnunkari.com\/fi\/wp-json\/wp\/v2\/users\/1"}],"replies":[{"embeddable":true,"href":"https:\/\/finnunkari.com\/fi\/wp-json\/wp\/v2\/comments?post=311"}],"version-history":[{"count":34,"href":"https:\/\/finnunkari.com\/fi\/wp-json\/wp\/v2\/pages\/311\/revisions"}],"predecessor-version":[{"id":1491,"href":"https:\/\/finnunkari.com\/fi\/wp-json\/wp\/v2\/pages\/311\/revisions\/1491"}],"wp:attachment":[{"href":"https:\/\/finnunkari.com\/fi\/wp-json\/wp\/v2\/media?parent=311"}],"curies":[{"name":"wp","href":"https:\/\/api.w.org\/{rel}","templated":true}]}}