{"id":299,"date":"2015-07-01T16:04:02","date_gmt":"2015-07-01T14:04:02","guid":{"rendered":"https:\/\/finnunkari.com\/?page_id=299"},"modified":"2016-02-15T11:37:48","modified_gmt":"2016-02-15T09:37:48","slug":"bekukkantok-csalad","status":"publish","type":"page","link":"https:\/\/finnunkari.com\/fi\/bekukkantok-csalad\/","title":{"rendered":"Tutustu &#8211; Perhe ja yksityisel\u00e4m\u00e4"},"content":{"rendered":"<p><strong>Perhe ja yksityisel\u00e4m\u00e4<\/strong><\/p>\n<h4><\/br><\/h4>\n<p>T\u00e4ss\u00e4 teemassa k\u00e4yd\u00e4\u00e4n l\u00e4pi perhe-el\u00e4m\u00e4\u00e4n ja yksityisel\u00e4m\u00e4\u00e4n liittyvi\u00e4 t\u00e4rkeimpi\u00e4 sanoja.<br \/>\nSanakortin alateemat ovat (yhteens\u00e4 9 alateemaa): Perheenj\u00e4senet, Lapsuus-nuoruus, Aikuisuus, Rakkaudesta eroon, Lapsen kasvatus, Perhejuhlat, Henkil\u00f6tiedot, Perhe-el\u00e4m\u00e4, Yst\u00e4v\u00e4t ja ihmissuhteet.<br \/>\nSuosittu sek\u00e4 aloittelijoille ett\u00e4 keskitasolla oleville kielenk\u00e4ytt\u00e4jille!<\/p>\n<h4><\/br><\/h4>\n<p>Hinta: 10 \u20ac+postikulut<\/p>\n<p><strong><a href=\"https:\/\/finnunkari.com\/wp-content\/uploads\/DSCN2861.jpg\"><img decoding=\"async\" loading=\"lazy\" class=\"alignnone  wp-image-937\" src=\"https:\/\/finnunkari.com\/wp-content\/uploads\/DSCN2861-300x225.jpg\" alt=\"DSCN2861\" width=\"129\" height=\"97\" srcset=\"https:\/\/finnunkari.com\/wp-content\/uploads\/DSCN2861-300x225.jpg 300w, https:\/\/finnunkari.com\/wp-content\/uploads\/DSCN2861-1024x768.jpg 1024w\" sizes=\"(max-width: 129px) 100vw, 129px\" \/><\/a><\/strong><\/p>\n<h4><\/h4>\n<p style=\"text-align: right;\"><a href=\"https:\/\/finnunkari.com\/finn-magyar-szokartyak\/\"><b>Takaisin<\/b><\/a><\/p>\n<p><\/p>","protected":false},"excerpt":{"rendered":"<p>Perhe ja yksityisel\u00e4m\u00e4 T\u00e4ss\u00e4 teemassa k\u00e4yd\u00e4\u00e4n l\u00e4pi perhe-el\u00e4m\u00e4\u00e4n ja yksityisel\u00e4m\u00e4\u00e4n liittyvi\u00e4 t\u00e4rkeimpi\u00e4 sanoja. Sanakortin alateemat ovat (yhteens\u00e4 9 alateemaa): Perheenj\u00e4senet, Lapsuus-nuoruus, Aikuisuus, Rakkaudesta eroon, Lapsen &hellip;<\/p>\n","protected":false},"author":1,"featured_media":0,"parent":0,"menu_order":0,"comment_status":"closed","ping_status":"closed","template":"template-full.php","meta":{"_mi_skip_tracking":false},"_links":{"self":[{"href":"https:\/\/finnunkari.com\/fi\/wp-json\/wp\/v2\/pages\/299"}],"collection":[{"href":"https:\/\/finnunkari.com\/fi\/wp-json\/wp\/v2\/pages"}],"about":[{"href":"https:\/\/finnunkari.com\/fi\/wp-json\/wp\/v2\/types\/page"}],"author":[{"embeddable":true,"href":"https:\/\/finnunkari.com\/fi\/wp-json\/wp\/v2\/users\/1"}],"replies":[{"embeddable":true,"href":"https:\/\/finnunkari.com\/fi\/wp-json\/wp\/v2\/comments?post=299"}],"version-history":[{"count":54,"href":"https:\/\/finnunkari.com\/fi\/wp-json\/wp\/v2\/pages\/299\/revisions"}],"predecessor-version":[{"id":1490,"href":"https:\/\/finnunkari.com\/fi\/wp-json\/wp\/v2\/pages\/299\/revisions\/1490"}],"wp:attachment":[{"href":"https:\/\/finnunkari.com\/fi\/wp-json\/wp\/v2\/media?parent=299"}],"curies":[{"name":"wp","href":"https:\/\/api.w.org\/{rel}","templated":true}]}}