{"id":159,"date":"2015-06-22T14:10:17","date_gmt":"2015-06-22T12:10:17","guid":{"rendered":"https:\/\/finnunkari.com\/?page_id=159"},"modified":"2015-07-16T11:11:52","modified_gmt":"2015-07-16T09:11:52","slug":"mitol-mas-ez-a-kiadvany","status":"publish","type":"page","link":"https:\/\/finnunkari.com\/fi\/mitol-mas-ez-a-kiadvany\/","title":{"rendered":"(Magyar) Mit\u0151l m\u00e1s ez a kiadv\u00e1ny"},"content":{"rendered":"<p><\/p>\n<h2><b>Miten t\u00e4m\u00e4 kirja erottuu muista olemassa olevista sanakirjoista?<\/b><\/h2>\n<p>&nbsp;<\/p>\n<p style=\"text-align: left;\">&#8211;\u00a0\u00a0\u00a0\u00a0\u00a0\u00a0 vastaavaa sanakokoelmaa ei ole toistaiseksi saatavilla Unkarissa eik\u00e4 Suomessa,<\/p>\n<p style=\"text-align: left;\">&#8211;\u00a0\u00a0\u00a0\u00a0\u00a0\u00a0kirja kattaa erityisen paljon teemoja, jotka ovat joko arkiel\u00e4m\u00e4\u00e4 tai liittyv\u00e4t\u00a0\u00a0 johonkin erityiseen teemaan tai kysymykseen, esim. talouteen, luontoon ja ymp\u00e4rist\u00f6\u00f6n, EU-asioihin, teollisuuteen),<\/p>\n<p style=\"text-align: left;\">&#8211;\u00a0\u00a0\u00a0\u00a0\u00a0\u00a0 kunkin teeman sanasto on koottu harkiten ja kattavasti ja tarvittaessa teema on jaettu alateemoihin,<\/p>\n<p style=\"text-align: left;\">&#8211;\u00a0\u00a0\u00a0\u00a0\u00a0sanakirjassa on my\u00f6s mm.\u00a0\u00a0arjen slangisanoja ja sanontoja,<\/p>\n<p style=\"text-align: left;\">&#8211;\u00a0\u00a0\u00a0\u00a0\u00a0kirja ei ole pelk\u00e4st\u00e4\u00e4n sanakirja, vaan sen toinen funktio on antaa lis\u00e4\u00e4 tietoa Unkarin ja Suomen kulttuurista v\u00e4litt\u00e4m\u00e4ll\u00e4 molempien maiden kiinnostavia piirteit\u00e4, joista lukijalla ei ole muuten paljon tietoa (esim. luvut:\u00a0Viinikultturi Unkarissa, Lapin vaelluksella, Terveyskylpyl\u00e4t Unkarissa, Saunakulttuuri Suomessa)<\/p>\n<p style=\"text-align: right;\"><a href=\"https:\/\/finnunkari.com\"><b>Vissza a kezd\u0151lapra<\/b><\/a><\/p>\n<p><\/p>","protected":false},"excerpt":{"rendered":"<p>Miten t\u00e4m\u00e4 kirja erottuu muista olemassa olevista sanakirjoista? &nbsp; &#8211;\u00a0\u00a0\u00a0\u00a0\u00a0\u00a0 vastaavaa sanakokoelmaa ei ole toistaiseksi saatavilla Unkarissa eik\u00e4 Suomessa, &#8211;\u00a0\u00a0\u00a0\u00a0\u00a0\u00a0kirja kattaa erityisen paljon teemoja, jotka &hellip;<\/p>\n","protected":false},"author":1,"featured_media":0,"parent":0,"menu_order":0,"comment_status":"closed","ping_status":"closed","template":"template-full.php","meta":{"_mi_skip_tracking":false},"_links":{"self":[{"href":"https:\/\/finnunkari.com\/fi\/wp-json\/wp\/v2\/pages\/159"}],"collection":[{"href":"https:\/\/finnunkari.com\/fi\/wp-json\/wp\/v2\/pages"}],"about":[{"href":"https:\/\/finnunkari.com\/fi\/wp-json\/wp\/v2\/types\/page"}],"author":[{"embeddable":true,"href":"https:\/\/finnunkari.com\/fi\/wp-json\/wp\/v2\/users\/1"}],"replies":[{"embeddable":true,"href":"https:\/\/finnunkari.com\/fi\/wp-json\/wp\/v2\/comments?post=159"}],"version-history":[{"count":19,"href":"https:\/\/finnunkari.com\/fi\/wp-json\/wp\/v2\/pages\/159\/revisions"}],"predecessor-version":[{"id":466,"href":"https:\/\/finnunkari.com\/fi\/wp-json\/wp\/v2\/pages\/159\/revisions\/466"}],"wp:attachment":[{"href":"https:\/\/finnunkari.com\/fi\/wp-json\/wp\/v2\/media?parent=159"}],"curies":[{"name":"wp","href":"https:\/\/api.w.org\/{rel}","templated":true}]}}