{"id":1286,"date":"2016-01-19T12:46:12","date_gmt":"2016-01-19T10:46:12","guid":{"rendered":"https:\/\/finnunkari.com\/?page_id=1286"},"modified":"2016-02-15T11:42:24","modified_gmt":"2016-02-15T09:42:24","slug":"bekukkantok-altalanos-finn-szleng-szavak","status":"publish","type":"page","link":"https:\/\/finnunkari.com\/fi\/bekukkantok-altalanos-finn-szleng-szavak\/","title":{"rendered":"Slangisanat unkariksi"},"content":{"rendered":"<p><strong>Yleiset slangisanat unkariksi<\/strong><\/p>\n<h4><\/br><\/h4>\n<p>Unkarin puhekielen tiivistetty sanakokoelma <\/p>\n<h4><\/br><\/h4>\n<p>T\u00e4m\u00e4 sanakokoelma on tarkoitettu niille unkaria vieraana kielen\u00e4 opiskeleville, jotka ovat unkarin kielen opinnoissaan keskitasolla tai edistyneell\u00e4 tasolla.  Sanakorttipaketista l\u00f6ytyv\u00e4t ne arkikielen sanat ja sanonnat, joita ei ole v\u00e4ltt\u00e4m\u00e4tt\u00e4 mukana oppikirjoissa.<br \/>\nSe on avain unkarilaisten jokap\u00e4iv\u00e4iseen kielenk\u00e4ytt\u00f6\u00f6n, joiden avulla rikastutat omaa puhettasi unkarin kielell\u00e4.<br \/>\nSlangisanoille on annettu unkarinkieliset yleiskieless\u00e4 k\u00e4ytetyt vastineet.<br \/>\nSanakorttipaketti sis\u00e4lt\u00e4\u00e4 9 sanakorttia (noin 430 sanaa ja sanontaa).<\/p>\n<h4><\/br><\/h4>\n<p>K\u00e4yt\u00e4 n\u00e4it\u00e4 sanoja rohkeasti puhuessasi unkarilaisten kanssa!<br \/>\nHinta: 10 Euroa+ postikulut<\/p>\n<h4><\/br><\/h4>\n<p style=\"text-align: right;\"><a href=\"https:\/\/finnunkari.com\/finn-magyar-szokartyak\/\"><b>Takaisin<\/b><\/a><\/p>\n<p><\/p>","protected":false},"excerpt":{"rendered":"<p>Yleiset slangisanat unkariksi Unkarin puhekielen tiivistetty sanakokoelma T\u00e4m\u00e4 sanakokoelma on tarkoitettu niille unkaria vieraana kielen\u00e4 opiskeleville, jotka ovat unkarin kielen opinnoissaan keskitasolla tai edistyneell\u00e4 tasolla. &hellip;<\/p>\n","protected":false},"author":2,"featured_media":0,"parent":0,"menu_order":0,"comment_status":"closed","ping_status":"closed","template":"","meta":{"_mi_skip_tracking":false},"_links":{"self":[{"href":"https:\/\/finnunkari.com\/fi\/wp-json\/wp\/v2\/pages\/1286"}],"collection":[{"href":"https:\/\/finnunkari.com\/fi\/wp-json\/wp\/v2\/pages"}],"about":[{"href":"https:\/\/finnunkari.com\/fi\/wp-json\/wp\/v2\/types\/page"}],"author":[{"embeddable":true,"href":"https:\/\/finnunkari.com\/fi\/wp-json\/wp\/v2\/users\/2"}],"replies":[{"embeddable":true,"href":"https:\/\/finnunkari.com\/fi\/wp-json\/wp\/v2\/comments?post=1286"}],"version-history":[{"count":20,"href":"https:\/\/finnunkari.com\/fi\/wp-json\/wp\/v2\/pages\/1286\/revisions"}],"predecessor-version":[{"id":1494,"href":"https:\/\/finnunkari.com\/fi\/wp-json\/wp\/v2\/pages\/1286\/revisions\/1494"}],"wp:attachment":[{"href":"https:\/\/finnunkari.com\/fi\/wp-json\/wp\/v2\/media?parent=1286"}],"curies":[{"name":"wp","href":"https:\/\/api.w.org\/{rel}","templated":true}]}}