{"id":1280,"date":"2016-01-19T12:15:40","date_gmt":"2016-01-19T10:15:40","guid":{"rendered":"https:\/\/finnunkari.com\/?page_id=1280"},"modified":"2016-01-19T13:40:20","modified_gmt":"2016-01-19T11:40:20","slug":"bekukkantok-etelek-es-italok","status":"publish","type":"page","link":"https:\/\/finnunkari.com\/fi\/bekukkantok-etelek-es-italok\/","title":{"rendered":"(Magyar) Bekukkantok-\u00e9telek \u00e9s italok"},"content":{"rendered":"<p class=\"qtranxs-available-languages-message qtranxs-available-languages-message-fi\">Anteeksi, mutta t\u00e4m\u00e4 kirjoitus on saatavana ainoastaan n\u00e4ill\u00e4 kielill\u00e4: <a href=\"https:\/\/finnunkari.com\/hu\/wp-json\/wp\/v2\/pages\/1280\" class=\"qtranxs-available-language-link qtranxs-available-language-link-hu\" title=\"Magyar\">Unkari<\/a>.<\/p>","protected":false},"excerpt":{"rendered":"<p>Anteeksi, mutta t\u00e4m\u00e4 kirjoitus on saatavana ainoastaan n\u00e4ill\u00e4 kielill\u00e4: Unkari.<\/p>\n","protected":false},"author":2,"featured_media":0,"parent":0,"menu_order":0,"comment_status":"closed","ping_status":"closed","template":"","meta":{"_mi_skip_tracking":false},"_links":{"self":[{"href":"https:\/\/finnunkari.com\/fi\/wp-json\/wp\/v2\/pages\/1280"}],"collection":[{"href":"https:\/\/finnunkari.com\/fi\/wp-json\/wp\/v2\/pages"}],"about":[{"href":"https:\/\/finnunkari.com\/fi\/wp-json\/wp\/v2\/types\/page"}],"author":[{"embeddable":true,"href":"https:\/\/finnunkari.com\/fi\/wp-json\/wp\/v2\/users\/2"}],"replies":[{"embeddable":true,"href":"https:\/\/finnunkari.com\/fi\/wp-json\/wp\/v2\/comments?post=1280"}],"version-history":[{"count":4,"href":"https:\/\/finnunkari.com\/fi\/wp-json\/wp\/v2\/pages\/1280\/revisions"}],"predecessor-version":[{"id":1293,"href":"https:\/\/finnunkari.com\/fi\/wp-json\/wp\/v2\/pages\/1280\/revisions\/1293"}],"wp:attachment":[{"href":"https:\/\/finnunkari.com\/fi\/wp-json\/wp\/v2\/media?parent=1280"}],"curies":[{"name":"wp","href":"https:\/\/api.w.org\/{rel}","templated":true}]}}