{"id":1267,"date":"2016-01-18T14:30:52","date_gmt":"2016-01-18T12:30:52","guid":{"rendered":"https:\/\/finnunkari.com\/?page_id=1267"},"modified":"2016-02-12T12:03:05","modified_gmt":"2016-02-12T10:03:05","slug":"szoposzter-bogyok-zoldsegekgyumolcsok","status":"publish","type":"page","link":"https:\/\/finnunkari.com\/fi\/szoposzter-bogyok-zoldsegekgyumolcsok\/","title":{"rendered":"(Magyar) sz\u00f3poszter-bogy\u00f3k, z\u00f6lds\u00e9gek,gy\u00fcm\u00f6lcs\u00f6k"},"content":{"rendered":"<p class=\"qtranxs-available-languages-message qtranxs-available-languages-message-fi\">Anteeksi, mutta t\u00e4m\u00e4 kirjoitus on saatavana ainoastaan n\u00e4ill\u00e4 kielill\u00e4: <a href=\"https:\/\/finnunkari.com\/hu\/wp-json\/wp\/v2\/pages\/1267\" class=\"qtranxs-available-language-link qtranxs-available-language-link-hu\" title=\"Magyar\">Unkari<\/a>.<\/p>","protected":false},"excerpt":{"rendered":"<p>Anteeksi, mutta t\u00e4m\u00e4 kirjoitus on saatavana ainoastaan n\u00e4ill\u00e4 kielill\u00e4: Unkari.<\/p>\n","protected":false},"author":2,"featured_media":0,"parent":0,"menu_order":0,"comment_status":"closed","ping_status":"closed","template":"","meta":{"_mi_skip_tracking":false},"_links":{"self":[{"href":"https:\/\/finnunkari.com\/fi\/wp-json\/wp\/v2\/pages\/1267"}],"collection":[{"href":"https:\/\/finnunkari.com\/fi\/wp-json\/wp\/v2\/pages"}],"about":[{"href":"https:\/\/finnunkari.com\/fi\/wp-json\/wp\/v2\/types\/page"}],"author":[{"embeddable":true,"href":"https:\/\/finnunkari.com\/fi\/wp-json\/wp\/v2\/users\/2"}],"replies":[{"embeddable":true,"href":"https:\/\/finnunkari.com\/fi\/wp-json\/wp\/v2\/comments?post=1267"}],"version-history":[{"count":9,"href":"https:\/\/finnunkari.com\/fi\/wp-json\/wp\/v2\/pages\/1267\/revisions"}],"predecessor-version":[{"id":1453,"href":"https:\/\/finnunkari.com\/fi\/wp-json\/wp\/v2\/pages\/1267\/revisions\/1453"}],"wp:attachment":[{"href":"https:\/\/finnunkari.com\/fi\/wp-json\/wp\/v2\/media?parent=1267"}],"curies":[{"name":"wp","href":"https:\/\/api.w.org\/{rel}","templated":true}]}}