{"id":1259,"date":"2016-01-18T10:39:43","date_gmt":"2016-01-18T08:39:43","guid":{"rendered":"https:\/\/finnunkari.com\/?page_id=1259"},"modified":"2016-02-05T11:22:19","modified_gmt":"2016-02-05T09:22:19","slug":"melleknevek-kulonbozo-helyzetekben","status":"publish","type":"page","link":"https:\/\/finnunkari.com\/fi\/melleknevek-kulonbozo-helyzetekben\/","title":{"rendered":"(Magyar) Bekukkantok-Mell\u00e9knevek k\u00fcl\u00f6nb\u00f6z\u0151 helyzetekben"},"content":{"rendered":"<p class=\"qtranxs-available-languages-message qtranxs-available-languages-message-fi\">Anteeksi, mutta t\u00e4m\u00e4 kirjoitus on saatavana ainoastaan n\u00e4ill\u00e4 kielill\u00e4: <a href=\"https:\/\/finnunkari.com\/hu\/wp-json\/wp\/v2\/pages\/1259\" class=\"qtranxs-available-language-link qtranxs-available-language-link-hu\" title=\"Magyar\">Unkari<\/a>.<\/p>","protected":false},"excerpt":{"rendered":"<p>Anteeksi, mutta t\u00e4m\u00e4 kirjoitus on saatavana ainoastaan n\u00e4ill\u00e4 kielill\u00e4: Unkari.<\/p>\n","protected":false},"author":2,"featured_media":0,"parent":0,"menu_order":0,"comment_status":"closed","ping_status":"closed","template":"","meta":{"_mi_skip_tracking":false},"_links":{"self":[{"href":"https:\/\/finnunkari.com\/fi\/wp-json\/wp\/v2\/pages\/1259"}],"collection":[{"href":"https:\/\/finnunkari.com\/fi\/wp-json\/wp\/v2\/pages"}],"about":[{"href":"https:\/\/finnunkari.com\/fi\/wp-json\/wp\/v2\/types\/page"}],"author":[{"embeddable":true,"href":"https:\/\/finnunkari.com\/fi\/wp-json\/wp\/v2\/users\/2"}],"replies":[{"embeddable":true,"href":"https:\/\/finnunkari.com\/fi\/wp-json\/wp\/v2\/comments?post=1259"}],"version-history":[{"count":12,"href":"https:\/\/finnunkari.com\/fi\/wp-json\/wp\/v2\/pages\/1259\/revisions"}],"predecessor-version":[{"id":1411,"href":"https:\/\/finnunkari.com\/fi\/wp-json\/wp\/v2\/pages\/1259\/revisions\/1411"}],"wp:attachment":[{"href":"https:\/\/finnunkari.com\/fi\/wp-json\/wp\/v2\/media?parent=1259"}],"curies":[{"name":"wp","href":"https:\/\/api.w.org\/{rel}","templated":true}]}}