{"id":12,"date":"2015-06-03T00:14:10","date_gmt":"2015-06-02T22:14:10","guid":{"rendered":"https:\/\/finnunkari.com\/?page_id=12"},"modified":"2016-02-15T14:08:38","modified_gmt":"2016-02-15T12:08:38","slug":"finn-magyar-szoposzterek","status":"publish","type":"page","link":"https:\/\/finnunkari.com\/fi\/finn-magyar-szoposzterek\/","title":{"rendered":"Unkari-suomi sanaposterit"},"content":{"rendered":"<p><\/p>\n<h1>Unkari-suomi sanaposterit<script>\/\/ <![CDATA[\n(function(i,s,o,g,r,a,m){i['GoogleAnalyticsObject']=r;i[r]=i[r]||function(){ (i[r].q=i[r].q||[]).push(arguments)},i[r].l=1*new Date();a=s.createElement(o), m=s.getElementsByTagName(o)[0];a.async=1;a.src=g;m.parentNode.insertBefore(a,m) })(window,document,'script','\/\/www.google-analytics.com\/analytics.js','ga'); ga('create', 'UA-67233158-1', 'auto'); ga('send', 'pageview');\n\/\/ ]]><\/script><\/h1>\n<h4><\/br><\/h4>\n<p>Sanaposterien k\u00e4ytt\u00f6 tekee kielen opiskelusta mielenkiintoisempaa kuin uskotkaan. Sanojen muistamista edist\u00e4vill\u00e4 sanapostereilla voit kehitt\u00e4\u00e4 ja laajentaa helposti sanavarastoasi. Sanaposterin voit kiinnitt\u00e4\u00e4 tai liimata mihin tahansa asunnossasi \u2013 peiliin, kaakeliin, ikkunaan<em>,<\/em> minne tahansa \u2013 mutta voit ottaa ne mukaan vaikkapa matkalle.<\/p>\n<p>Yksi sanaposteripaketti sis\u00e4lt\u00e4\u00e4 yhden teeman. Teemasta riippuen yhteen pakettiin kuuluu 27-36 sanaposteria<em>,<\/em> yhdess\u00e4 posterissa on noin 13-18 sanaa k\u00e4\u00e4nn\u00f6ksineen. Sanaposterissa unkarilaisen sanan rinnalla on sen suomenkielinen vastine<em>.<\/em> Halutessasi voit hankkia uusia sanakorttipaketteja milloin tahansa. Teemojen valikoima on monipuolinen ja jatkuvasti laajeneva \u2013 esim.: jokap\u00e4iv\u00e4isen el\u00e4m\u00e4n tilanteet, yleisesti k\u00e4ytetyt verbit ja adjektiivit, verbi ja adjektiivi rektiot, unkarilaiset fraasit&#8230;<\/p>\n<p>Sanaposterit on painettu tukevalle paperille laminoidussa kotelossa. Posterin k\u00e4\u00e4nt\u00f6puolella on kiinnitt\u00e4mist\u00e4 varten itseliimautuva tarra. Sanaposteripaketin erikoisuus on siin\u00e4, ett\u00e4 s\u00e4ilytyst\u00e4 varten saat sanaposterit k\u00e4sintehdyss\u00e4, koristeellisessa huopapussissa.Tilauksen tehty\u00e4si l\u00e4het\u00e4n sanakortit postitse 4-5 ty\u00f6p\u00e4iv\u00e4n sis\u00e4ll\u00e4.<\/p>\n<p>Sanaposterin koko on noin 18 cm x 8.7 cm.<\/p>\n<h4><\/br><\/h4>\n<p><strong>T\u00e4ll\u00e4 hetkell\u00e4 saatavilla:<\/strong><\/p>\n<ul>\n<li>Perhe ja yksityisel\u00e4m\u00e4 \u2192<a href=\"https:\/\/finnunkari.com\/szoposzter-csalad-es-maganelet\/\">tutustu sanaposteriin<\/a><\/li>\n<li>Koti ja asuminen \u2192<a href=\"https:\/\/finnunkari.com\/szoposzter-haz-es-otthon-2\/\"> tutustu sanaposteriin<\/a><\/li>\n<li>Matkustaminen \u2192<a href=\"https:\/\/finnunkari.com\/szoposzter-utazas\/\"> tutustu sanaposteriin<\/a><\/li>\n<li>Yleisi\u00e4 adjektiiveja \u2013 perustaso \u2192 <a href=\"https:\/\/finnunkari.com\/szoposzter-altalanos-melleknevek-alapfok\/\">tutustu sanaposteriin<\/a><\/li>\n<li>Yleisi\u00e4 adjektiiveja \u2013 keskitaso \u2192<a href=\"https:\/\/finnunkari.com\/szoposzter-altalanos-melleknevek-kozepfok\/\"> tutustu sanaposteriin<\/a><\/li>\n<li>500 unkarin kielen perussanaa \u2192<a href=\"https:\/\/finnunkari.com\/szoposzter-500-finn-szo\/\"> tutustu sananposteriin<\/a><\/li>\n<li>Unkarin kielen adjektiivien synonyymit\u2192 <a href=\"https:\/\/finnunkari.com\/szoposzter-finn-melleknevek-szinonimai\/\">tutustu sanaposteriin<\/a><\/li>\n<li>Unkarin slangi\u2192<a href=\"https:\/\/finnunkari.com\/szoposzter-altalanos-finn-szlengszavak\/\">tutustu sanaposteriin<\/a><\/li>\n<li>Turistina Unkarissa\u2192 <a href=\"https:\/\/finnunkari.com\/szoposzter-turistakent-finnorszagban\/\">tutustu sanaposteriin<\/a><\/li>\n<\/ul>\n<h4><\/br><\/h4>\n<p>Yksi sanaposteripaketti sis\u00e4lt\u00e4\u00e4 yhden teeman sanaposterit ja s\u00e4ilytyskansion, niiden\u00a0hinta vaihtelee teemasta riippuen.<\/p>\n<p><a href=\"https:\/\/finnunkari.com\/kapcsolat\/\">Tilaa sanaposteri<\/a><\/p>\n<p><a href=\"https:\/\/finnunkari.com\/wp-content\/uploads\/DSCN2611.jpg\"><img decoding=\"async\" loading=\"lazy\" class=\"alignnone wp-image-1156\" src=\"https:\/\/finnunkari.com\/wp-content\/uploads\/DSCN2611-300x225.jpg\" alt=\"DSCN2611\" width=\"135\" height=\"101\" srcset=\"https:\/\/finnunkari.com\/wp-content\/uploads\/DSCN2611-300x225.jpg 300w, https:\/\/finnunkari.com\/wp-content\/uploads\/DSCN2611-1024x768.jpg 1024w, https:\/\/finnunkari.com\/wp-content\/uploads\/DSCN2611.jpg 1600w\" sizes=\"(max-width: 135px) 100vw, 135px\" \/> <\/a><a href=\"https:\/\/finnunkari.com\/wp-content\/uploads\/DSCN2612.jpg\"><img decoding=\"async\" loading=\"lazy\" class=\"alignnone wp-image-1157\" src=\"https:\/\/finnunkari.com\/wp-content\/uploads\/DSCN2612-300x257.jpg\" alt=\"DSCN2612\" width=\"120\" height=\"103\" srcset=\"https:\/\/finnunkari.com\/wp-content\/uploads\/DSCN2612-300x257.jpg 300w, https:\/\/finnunkari.com\/wp-content\/uploads\/DSCN2612-1024x876.jpg 1024w, https:\/\/finnunkari.com\/wp-content\/uploads\/DSCN2612.jpg 1403w\" sizes=\"(max-width: 120px) 100vw, 120px\" \/> <\/a><a href=\"https:\/\/finnunkari.com\/wp-content\/uploads\/DSCN2615.jpg\"><img decoding=\"async\" loading=\"lazy\" class=\"alignnone wp-image-1158\" src=\"https:\/\/finnunkari.com\/wp-content\/uploads\/DSCN2615-300x265.jpg\" alt=\"DSCN2615\" width=\"118\" height=\"104\" srcset=\"https:\/\/finnunkari.com\/wp-content\/uploads\/DSCN2615-300x265.jpg 300w, https:\/\/finnunkari.com\/wp-content\/uploads\/DSCN2615-1024x906.jpg 1024w, https:\/\/finnunkari.com\/wp-content\/uploads\/DSCN2615.jpg 1357w\" sizes=\"(max-width: 118px) 100vw, 118px\" \/><\/a><\/p>\n<p>&nbsp;<\/p>\n<p style=\"text-align: right;\"><a href=\"https:\/\/finnunkari.com\/finn-magyar-szoposzterek\/\"><b>Takaisin sivun yl\u00e4laitaan<\/b><\/a><\/p>\n<p><\/p>","protected":false},"excerpt":{"rendered":"<p>Unkari-suomi sanaposterit Sanaposterien k\u00e4ytt\u00f6 tekee kielen opiskelusta mielenkiintoisempaa kuin uskotkaan. Sanojen muistamista edist\u00e4vill\u00e4 sanapostereilla voit kehitt\u00e4\u00e4 ja laajentaa helposti sanavarastoasi. Sanaposterin voit kiinnitt\u00e4\u00e4 tai liimata &hellip;<\/p>\n","protected":false},"author":1,"featured_media":0,"parent":0,"menu_order":0,"comment_status":"closed","ping_status":"closed","template":"template-full.php","meta":{"_mi_skip_tracking":false},"_links":{"self":[{"href":"https:\/\/finnunkari.com\/fi\/wp-json\/wp\/v2\/pages\/12"}],"collection":[{"href":"https:\/\/finnunkari.com\/fi\/wp-json\/wp\/v2\/pages"}],"about":[{"href":"https:\/\/finnunkari.com\/fi\/wp-json\/wp\/v2\/types\/page"}],"author":[{"embeddable":true,"href":"https:\/\/finnunkari.com\/fi\/wp-json\/wp\/v2\/users\/1"}],"replies":[{"embeddable":true,"href":"https:\/\/finnunkari.com\/fi\/wp-json\/wp\/v2\/comments?post=12"}],"version-history":[{"count":101,"href":"https:\/\/finnunkari.com\/fi\/wp-json\/wp\/v2\/pages\/12\/revisions"}],"predecessor-version":[{"id":1525,"href":"https:\/\/finnunkari.com\/fi\/wp-json\/wp\/v2\/pages\/12\/revisions\/1525"}],"wp:attachment":[{"href":"https:\/\/finnunkari.com\/fi\/wp-json\/wp\/v2\/media?parent=12"}],"curies":[{"name":"wp","href":"https:\/\/api.w.org\/{rel}","templated":true}]}}