{"id":1052,"date":"2015-12-09T15:45:46","date_gmt":"2015-12-09T13:45:46","guid":{"rendered":"https:\/\/finnunkari.com\/?page_id=1052"},"modified":"2016-02-12T11:20:46","modified_gmt":"2016-02-12T09:20:46","slug":"kozepfoku-igek-jelentesarnyalatai","status":"publish","type":"page","link":"https:\/\/finnunkari.com\/fi\/kozepfoku-igek-jelentesarnyalatai\/","title":{"rendered":"(Magyar) K\u00f6z\u00e9pfok\u00fa ig\u00e9k jelent\u00e9s\u00e1rnyalatai"},"content":{"rendered":"<p class=\"qtranxs-available-languages-message qtranxs-available-languages-message-fi\">Anteeksi, mutta t\u00e4m\u00e4 kirjoitus on saatavana ainoastaan n\u00e4ill\u00e4 kielill\u00e4: <a href=\"https:\/\/finnunkari.com\/hu\/wp-json\/wp\/v2\/pages\/1052\" class=\"qtranxs-available-language-link qtranxs-available-language-link-hu\" title=\"Magyar\">Unkari<\/a>.<\/p>","protected":false},"excerpt":{"rendered":"<p>Anteeksi, mutta t\u00e4m\u00e4 kirjoitus on saatavana ainoastaan n\u00e4ill\u00e4 kielill\u00e4: Unkari.<\/p>\n","protected":false},"author":2,"featured_media":0,"parent":0,"menu_order":0,"comment_status":"closed","ping_status":"closed","template":"","meta":{"_mi_skip_tracking":false},"_links":{"self":[{"href":"https:\/\/finnunkari.com\/fi\/wp-json\/wp\/v2\/pages\/1052"}],"collection":[{"href":"https:\/\/finnunkari.com\/fi\/wp-json\/wp\/v2\/pages"}],"about":[{"href":"https:\/\/finnunkari.com\/fi\/wp-json\/wp\/v2\/types\/page"}],"author":[{"embeddable":true,"href":"https:\/\/finnunkari.com\/fi\/wp-json\/wp\/v2\/users\/2"}],"replies":[{"embeddable":true,"href":"https:\/\/finnunkari.com\/fi\/wp-json\/wp\/v2\/comments?post=1052"}],"version-history":[{"count":7,"href":"https:\/\/finnunkari.com\/fi\/wp-json\/wp\/v2\/pages\/1052\/revisions"}],"predecessor-version":[{"id":1443,"href":"https:\/\/finnunkari.com\/fi\/wp-json\/wp\/v2\/pages\/1052\/revisions\/1443"}],"wp:attachment":[{"href":"https:\/\/finnunkari.com\/fi\/wp-json\/wp\/v2\/media?parent=1052"}],"curies":[{"name":"wp","href":"https:\/\/api.w.org\/{rel}","templated":true}]}}