{"id":10,"date":"2015-06-03T00:13:02","date_gmt":"2015-06-02T22:13:02","guid":{"rendered":"https:\/\/finnunkari.com\/?page_id=10"},"modified":"2016-02-15T14:09:04","modified_gmt":"2016-02-15T12:09:04","slug":"finn-magyar-szokartyak","status":"publish","type":"page","link":"https:\/\/finnunkari.com\/fi\/finn-magyar-szokartyak\/","title":{"rendered":"Unkari-suomi sanakortit"},"content":{"rendered":"<p><\/p>\n<h1>Unkari-suomi sanakortit<script>\/\/ <![CDATA[\n(function(i,s,o,g,r,a,m){i['GoogleAnalyticsObject']=r;i[r]=i[r]||function(){ (i[r].q=i[r].q||[]).push(arguments)},i[r].l=1*new Date();a=s.createElement(o), m=s.getElementsByTagName(o)[0];a.async=1;a.src=g;m.parentNode.insertBefore(a,m) })(window,document,'script','\/\/www.google-analytics.com\/analytics.js','ga'); ga('create', 'UA-67233158-1', 'auto'); ga('send', 'pageview');\n\/\/ ]]><\/script><\/h1>\n<h4><\/br><\/h4>\n<p><strong>Pist\u00e4 tieto taskuusi!<\/strong><\/p>\n<h4><\/br><\/h4>\n<p>Sanakortti on erinomainen ty\u00f6kalu sanojen muistamiseen. Sanakortit voit ottaa esiin miss\u00e4 tahansa \u2013 vaikkapa matkustaessasi bussissa, ratikassa, lentokoneessa tai autossa &#8211; ja niiden avulla voit kehitt\u00e4\u00e4 unkarin kielen sanavarastoasi.<\/p>\n<p>Yksi sanakorttipakkaus sis\u00e4lt\u00e4\u00e4 yhden teeman. Teemasta riippuen yhteen pakettiin kuuluu 9-12 sanakorttia, jotka ovat teeman alateemoja. Yhdess\u00e4 kortissa on noin 45-50 sanaa k\u00e4\u00e4nn\u00f6ksineen, eli noin 440-600 sanaa<em>.<\/em> Taitettavissa korteissa unkarilaisen sanan vierell\u00e4 on sen suomenkielinen vastine<em>.<\/em> Sanakorttipaketteja voit laajentaa halutessasi uusilla teemoilla milloin tahansa. Teemojen valikoima on monipuolinen ja jatkuvasti laajeneva \u2013 esim.: jokap\u00e4iv\u00e4isen el\u00e4m\u00e4n tilanteet, yleisesti k\u00e4ytetyt verbit ja adjektiivit, verbi\/adjektiivi rektiot, unkarilaiset fraasit&#8230;<\/p>\n<p>Sanakorttipaketin erikoisuus on siin\u00e4, ett\u00e4 s\u00e4ilytyst\u00e4 varten saat sanakortit koristeellisessa ja tukevassa kansiossa. Tilauksen tehty\u00e4si l\u00e4het\u00e4n sanakortit postitse 4-5 ty\u00f6p\u00e4iv\u00e4n sis\u00e4ll\u00e4.<\/p>\n<p>Sanakortin koko on 10 cm x 21 cm, kolmasosa a4-kokoisesta arkista (taitettuna 7 cm x 10 cm). Sanakorttipakkaus voi sis\u00e4lt\u00e4\u00e4 noin 440-600 sanaa aihepiirist\u00e4 riippuen. Sanakorttipakkauksen saa 9-12 eurolla siit\u00e4 riippuen miten paljon alateemaa sanakorttipakkaus sis\u00e4lt\u00e4\u00e4.<\/p>\n<h4><\/br><\/h4>\n<p><strong>T\u00e4ll\u00e4 hetkell\u00e4 saatavilla<\/strong>:<\/p>\n<ul>\n<ul>\n<li>Perhe ja yksityisel\u00e4m\u00e4 \u2192 <a href=\"https:\/\/finnunkari.com\/bekukkantok-csalad\/\">tutustu sanakorttiin<\/a><\/li>\n<\/ul>\n<\/ul>\n<ul>\n<ul>\n<li>Matkustaminen \u2192 <a href=\"https:\/\/finnunkari.com\/utazas\/\">tutustu sanakorttiin<\/a><\/li>\n<\/ul>\n<\/ul>\n<ul>\n<ul>\n<li>Koti ja asuminen \u2192<a href=\"https:\/\/finnunkari.com\/fi\/bekukkantok-otthon\/\"> tutustu sanakorttiin<\/a><\/li>\n<li>Yleisi\u00e4 adjektiiveja &#8211; perustaso \u2192\u00a0<a href=\"https:\/\/finnunkari.com\/suomi-altalanos-melleknevek\/\"> tutustu sanakorttiin<\/a><\/li>\n<li>Yleisi\u00e4 adjektiiveja &#8211; keskitaso \u2192<a href=\"https:\/\/finnunkari.com\/altalanos-melleknevek-kozepfok\/\">\u00a0 tutustu sanakorttiin<\/a><\/li>\n<li>500 unkarin kielen perussanaa \u2192<a href=\"https:\/\/finnunkari.com\/500-finn-alapszo\/\"> tutustu sanakorttiin<\/a><\/li>\n<li>Unkarin kielen adjektiivien synonyymit\u2192<a href=\"https:\/\/finnunkari.com\/finn-melleknevek-szinonimai\/\">tutustu sanakorttiin<\/a><\/li>\n<li>Unkarin slangi\u2192<a href=\"https:\/\/finnunkari.com\/bekukkantok-altalanos-finn-szleng-szavak\/\">tutustu sanakorttin<\/a><\/li>\n<li>Ruoat ja juomat, Unkarilainen keitti\u00f6\u2192tutustu sanokorttiin (Tulossa)<\/li>\n<li>Turistina Unkarissa\u2192<a href=\"https:\/\/finnunkari.com\/turistakent-finnorszagban\/\">tutustu sanakorttiin<\/a><\/li>\n<\/ul>\n<\/ul>\n<p>&nbsp;<\/p>\n<p>Yksi sanakorttipaketti sis\u00e4lt\u00e4\u00e4 yhden teeman sanakortit ja s\u00e4ilytyskansion, niiden\u00a0hinta on yhteens\u00e4 10-13 euroa teemasta riippuen.<\/p>\n<p><a href=\"https:\/\/finnunkari.com\/kapcsolat\/\">Tilaa sanakortti\u00a0<u>t\u00e4st\u00e4<\/u><\/a><\/p>\n<p style=\"text-align: right;\"><a href=\"https:\/\/finnunkari.com\/finn-magyar-szokartyak\/\"><b>Takaisin sivun yl\u00e4laitaan<\/b><\/a><\/p>\n<p><\/p>","protected":false},"excerpt":{"rendered":"<p>Unkari-suomi sanakortit Pist\u00e4 tieto taskuusi! Sanakortti on erinomainen ty\u00f6kalu sanojen muistamiseen. Sanakortit voit ottaa esiin miss\u00e4 tahansa \u2013 vaikkapa matkustaessasi bussissa, ratikassa, lentokoneessa tai autossa &hellip;<\/p>\n","protected":false},"author":1,"featured_media":0,"parent":0,"menu_order":0,"comment_status":"closed","ping_status":"closed","template":"template-full.php","meta":{"_mi_skip_tracking":false},"_links":{"self":[{"href":"https:\/\/finnunkari.com\/fi\/wp-json\/wp\/v2\/pages\/10"}],"collection":[{"href":"https:\/\/finnunkari.com\/fi\/wp-json\/wp\/v2\/pages"}],"about":[{"href":"https:\/\/finnunkari.com\/fi\/wp-json\/wp\/v2\/types\/page"}],"author":[{"embeddable":true,"href":"https:\/\/finnunkari.com\/fi\/wp-json\/wp\/v2\/users\/1"}],"replies":[{"embeddable":true,"href":"https:\/\/finnunkari.com\/fi\/wp-json\/wp\/v2\/comments?post=10"}],"version-history":[{"count":215,"href":"https:\/\/finnunkari.com\/fi\/wp-json\/wp\/v2\/pages\/10\/revisions"}],"predecessor-version":[{"id":1526,"href":"https:\/\/finnunkari.com\/fi\/wp-json\/wp\/v2\/pages\/10\/revisions\/1526"}],"wp:attachment":[{"href":"https:\/\/finnunkari.com\/fi\/wp-json\/wp\/v2\/media?parent=10"}],"curies":[{"name":"wp","href":"https:\/\/api.w.org\/{rel}","templated":true}]}}